{"id":621,"date":"2021-03-26T15:18:48","date_gmt":"2021-03-26T14:18:48","guid":{"rendered":"https:\/\/printmodel-paris.com\/?page_id=621"},"modified":"2023-02-22T18:17:25","modified_gmt":"2023-02-22T17:17:25","slug":"contact","status":"publish","type":"page","link":"https:\/\/printmodel-paris.com\/en\/contact\/","title":{"rendered":"Contact"},"content":{"rendered":"<div data-elementor-type=\"wp-page\" data-elementor-id=\"621\" class=\"elementor elementor-621\" data-elementor-post-type=\"page\">\n\t\t\t\t\t\t\t\t\t<section class=\"elementor-section elementor-top-section elementor-element elementor-element-8b25bf8 elementor-section-boxed elementor-section-height-default elementor-section-height-default\" data-id=\"8b25bf8\" data-element_type=\"section\">\n\t\t\t\t\t\t<div class=\"elementor-container elementor-column-gap-default\">\n\t\t\t\t\t<div class=\"elementor-column elementor-col-100 elementor-top-column elementor-element elementor-element-dd28011\" data-id=\"dd28011\" data-element_type=\"column\">\n\t\t\t<div class=\"elementor-widget-wrap elementor-element-populated\">\n\t\t\t\t\t\t\t\t<div class=\"elementor-element elementor-element-2c28f5f elementor-widget elementor-widget-google_maps\" data-id=\"2c28f5f\" data-element_type=\"widget\" data-widget_type=\"google_maps.default\">\n\t\t\t\t<div class=\"elementor-widget-container\">\n\t\t\t\t\t<div class=\"elementor-custom-embed\">\n\t\t\t<iframe loading=\"lazy\"\n\t\t\t\t\tsrc=\"https:\/\/maps.google.com\/maps?q=89%20avenue%20dausmenil&#038;t=m&#038;z=11&#038;output=embed&#038;iwloc=near\"\n\t\t\t\t\ttitle=\"89 avenue dausmenil\"\n\t\t\t\t\taria-label=\"89 avenue dausmenil\"\n\t\t\t><\/iframe>\n\t\t<\/div>\n\t\t\t\t<\/div>\n\t\t\t\t<\/div>\n\t\t\t\t\t<\/div>\n\t\t<\/div>\n\t\t\t\t\t\t\t<\/div>\n\t\t<\/section>\n\t\t\t\t<section class=\"elementor-section elementor-top-section elementor-element elementor-element-199e27c elementor-section-boxed elementor-section-height-default elementor-section-height-default\" data-id=\"199e27c\" data-element_type=\"section\">\n\t\t\t\t\t\t<div class=\"elementor-container elementor-column-gap-default\">\n\t\t\t\t\t<div class=\"elementor-column elementor-col-50 elementor-top-column elementor-element elementor-element-90fb512\" data-id=\"90fb512\" data-element_type=\"column\">\n\t\t\t<div class=\"elementor-widget-wrap elementor-element-populated\">\n\t\t\t\t\t\t\t\t<div class=\"elementor-element elementor-element-c93f4c6 elementor-widget elementor-widget-text-editor\" data-id=\"c93f4c6\" data-element_type=\"widget\" data-widget_type=\"text-editor.default\">\n\t\t\t\t<div class=\"elementor-widget-container\">\n\t\t\t\t\t\t\t<p><b style=\"font-size: 1.25rem; font-weight: 600;\">printmodel Paris<br \/><\/b><span style=\"font-size: 1rem;\">89 avenue Daumesnil<br \/><\/span><span style=\"font-size: 1rem;\">75012, Paris<br \/><\/span><span style=\"font-size: 1rem;\">France<\/span><\/p><p>+33 9 52 35 69 58<\/p><p>SIRET : 50875929700015<br \/>RCS Paris<br \/>TVA : FR72508759297<\/p>\t\t\t\t\t\t<\/div>\n\t\t\t\t<\/div>\n\t\t\t\t\t<\/div>\n\t\t<\/div>\n\t\t\t\t<div class=\"elementor-column elementor-col-50 elementor-top-column elementor-element elementor-element-b009507\" data-id=\"b009507\" data-element_type=\"column\">\n\t\t\t<div class=\"elementor-widget-wrap elementor-element-populated\">\n\t\t\t\t\t\t\t\t<div class=\"elementor-element elementor-element-5aa244e elementor-widget elementor-widget-text-editor\" data-id=\"5aa244e\" data-element_type=\"widget\" data-widget_type=\"text-editor.default\">\n\t\t\t\t<div class=\"elementor-widget-container\">\n\t\t\t\t\t\t\t<p><strong style=\"font-weight: 600;\">Opening Times<br \/><\/strong>Monday to Friday : 9.30am to 6.30pm<br \/>Closed Saturday and Sunday.<\/p>\t\t\t\t\t\t<\/div>\n\t\t\t\t<\/div>\n\t\t\t\t<div class=\"elementor-element elementor-element-9f141c7 elementor-widget elementor-widget-heading\" data-id=\"9f141c7\" data-element_type=\"widget\" data-widget_type=\"heading.default\">\n\t\t\t\t<div class=\"elementor-widget-container\">\n\t\t\t<h2 class=\"elementor-heading-title elementor-size-default\">Interested by our solutions? <br>Question?<\/h2>\t\t<\/div>\n\t\t\t\t<\/div>\n\t\t\t\t<div class=\"elementor-element elementor-element-765e366 elementor-widget elementor-widget-button\" data-id=\"765e366\" data-element_type=\"widget\" data-widget_type=\"button.default\">\n\t\t\t\t<div class=\"elementor-widget-container\">\n\t\t\t\t\t<div class=\"elementor-button-wrapper\">\n\t\t\t<a class=\"elementor-button elementor-button-link elementor-size-sm\" href=\"https:\/\/printmodel-paris.com\/en\/rappelez-moi\/\">\n\t\t\t\t\t\t<span class=\"elementor-button-content-wrapper\">\n\t\t\t\t\t\t<span class=\"elementor-button-text\">Call Me Back<\/span>\n\t\t<\/span>\n\t\t\t\t\t<\/a>\n\t\t<\/div>\n\t\t\t\t<\/div>\n\t\t\t\t<\/div>\n\t\t\t\t\t<\/div>\n\t\t<\/div>\n\t\t\t\t\t\t\t<\/div>\n\t\t<\/section>\n\t\t\t\t\t\t\t<\/div>","protected":false},"excerpt":{"rendered":"<p>printmodel Paris89 avenue Daumesnil75012, ParisFrance +33 9 52 35 69 58 SIRET : 50875929700015RCS ParisTVA : FR72508759297 HorairesDu lundi au vendredi : 9h30-18h30Ferm\u00e9 le samedi et dimanche. Int\u00e9ress\u00e9 par nos solutions ? Une question ? Rappelez-moi<\/p>","protected":false},"author":1,"featured_media":0,"parent":0,"menu_order":0,"comment_status":"closed","ping_status":"closed","template":"","meta":{"_seopress_robots_primary_cat":""},"_links":{"self":[{"href":"https:\/\/printmodel-paris.com\/en\/wp-json\/wp\/v2\/pages\/621"}],"collection":[{"href":"https:\/\/printmodel-paris.com\/en\/wp-json\/wp\/v2\/pages"}],"about":[{"href":"https:\/\/printmodel-paris.com\/en\/wp-json\/wp\/v2\/types\/page"}],"author":[{"embeddable":true,"href":"https:\/\/printmodel-paris.com\/en\/wp-json\/wp\/v2\/users\/1"}],"replies":[{"embeddable":true,"href":"https:\/\/printmodel-paris.com\/en\/wp-json\/wp\/v2\/comments?post=621"}],"version-history":[{"count":67,"href":"https:\/\/printmodel-paris.com\/en\/wp-json\/wp\/v2\/pages\/621\/revisions"}],"predecessor-version":[{"id":1461,"href":"https:\/\/printmodel-paris.com\/en\/wp-json\/wp\/v2\/pages\/621\/revisions\/1461"}],"wp:attachment":[{"href":"https:\/\/printmodel-paris.com\/en\/wp-json\/wp\/v2\/media?parent=621"}],"curies":[{"name":"wp","href":"https:\/\/api.w.org\/{rel}","templated":true}]}}