{"id":959,"date":"2022-06-30T11:10:51","date_gmt":"2022-06-30T09:10:51","guid":{"rendered":"https:\/\/printmodel-paris.com\/?page_id=959"},"modified":"2023-01-11T20:02:31","modified_gmt":"2023-01-11T19:02:31","slug":"notre-equipe","status":"publish","type":"page","link":"https:\/\/printmodel-paris.com\/en\/notre-equipe\/","title":{"rendered":"Our Team"},"content":{"rendered":"<div data-elementor-type=\"wp-page\" data-elementor-id=\"959\" class=\"elementor elementor-959\" data-elementor-post-type=\"page\">\n\t\t\t\t\t\t\t\t\t<section class=\"elementor-section elementor-top-section elementor-element elementor-element-1ea7c68 elementor-section-boxed elementor-section-height-default elementor-section-height-default\" data-id=\"1ea7c68\" data-element_type=\"section\">\n\t\t\t\t\t\t<div class=\"elementor-container elementor-column-gap-default\">\n\t\t\t\t\t<div class=\"elementor-column elementor-col-100 elementor-top-column elementor-element elementor-element-ba77433\" data-id=\"ba77433\" data-element_type=\"column\">\n\t\t\t<div class=\"elementor-widget-wrap elementor-element-populated\">\n\t\t\t\t\t\t\t\t<div class=\"elementor-element elementor-element-b126fa2 elementor-invisible elementor-widget elementor-widget-heading\" data-id=\"b126fa2\" data-element_type=\"widget\" data-settings=\"{&quot;_animation&quot;:&quot;fadeIn&quot;,&quot;_animation_delay&quot;:1000}\" data-widget_type=\"heading.default\">\n\t\t\t\t<div class=\"elementor-widget-container\">\n\t\t\t<h2 class=\"elementor-heading-title elementor-size-default\">TEAM<\/h2>\t\t<\/div>\n\t\t\t\t<\/div>\n\t\t\t\t<div class=\"elementor-element elementor-element-8008bd1 elementor-widget-divider--view-line elementor-widget elementor-widget-divider\" data-id=\"8008bd1\" data-element_type=\"widget\" data-widget_type=\"divider.default\">\n\t\t\t\t<div class=\"elementor-widget-container\">\n\t\t\t\t\t<div class=\"elementor-divider\">\n\t\t\t<span class=\"elementor-divider-separator\">\n\t\t\t\t\t\t<\/span>\n\t\t<\/div>\n\t\t\t\t<\/div>\n\t\t\t\t<\/div>\n\t\t\t\t<div class=\"elementor-element elementor-element-40fc06e elementor-widget elementor-widget-image\" data-id=\"40fc06e\" data-element_type=\"widget\" data-widget_type=\"image.default\">\n\t\t\t\t<div class=\"elementor-widget-container\">\n\t\t\t\t\t\t\t\t\t\t\t\t\t\t\t<img decoding=\"async\" width=\"10641\" height=\"7087\" src=\"https:\/\/printmodel-paris.com\/wp-content\/uploads\/2021\/03\/SRI20191106-095-NB.jpg\" class=\"attachment-full size-full wp-image-633\" alt=\"\" loading=\"lazy\" \/>\t\t\t\t\t\t\t\t\t\t\t\t\t\t\t<\/div>\n\t\t\t\t<\/div>\n\t\t\t\t<div class=\"elementor-element elementor-element-fff0647 elementor-invisible elementor-widget elementor-widget-heading\" data-id=\"fff0647\" data-element_type=\"widget\" data-settings=\"{&quot;_animation&quot;:&quot;fadeIn&quot;,&quot;_animation_delay&quot;:1000}\" data-widget_type=\"heading.default\">\n\t\t\t\t<div class=\"elementor-widget-container\">\n\t\t\t<h2 class=\"elementor-heading-title elementor-size-default\">ABOVE ALL, HUMANS<\/h2>\t\t<\/div>\n\t\t\t\t<\/div>\n\t\t\t\t<section class=\"elementor-section elementor-inner-section elementor-element elementor-element-a76ede3 elementor-section-boxed elementor-section-height-default elementor-section-height-default\" data-id=\"a76ede3\" data-element_type=\"section\">\n\t\t\t\t\t\t<div class=\"elementor-container elementor-column-gap-default\">\n\t\t\t\t\t<div class=\"elementor-column elementor-col-50 elementor-inner-column elementor-element elementor-element-dedc5b0\" data-id=\"dedc5b0\" data-element_type=\"column\">\n\t\t\t<div class=\"elementor-widget-wrap elementor-element-populated\">\n\t\t\t\t\t\t\t\t<div class=\"elementor-element elementor-element-6d72e82 elementor-widget elementor-widget-text-editor\" data-id=\"6d72e82\" data-element_type=\"widget\" data-widget_type=\"text-editor.default\">\n\t\t\t\t<div class=\"elementor-widget-container\">\n\t\t\t\t\t\t\t<strong>Fr\u00e9d\u00e9ric Dahan &#8211; <\/strong><em>Cofounder<\/em><strong>\n<\/strong>\t\t\t\t\t\t<\/div>\n\t\t\t\t<\/div>\n\t\t\t\t<div class=\"elementor-element elementor-element-0fc7117 elementor-widget__width-initial elementor-widget elementor-widget-text-editor\" data-id=\"0fc7117\" data-element_type=\"widget\" data-widget_type=\"text-editor.default\">\n\t\t\t\t<div class=\"elementor-widget-container\">\n\t\t\t\t\t\t\t<p>In charge of sales development for printmodel.<br \/>Based between Paris and Oslo.<\/p><p>He chose publishing to express his passion and his constant quest for beauty, the driving force behind his choices and actions. Interested in the human adventure, listening to needs, open to solutions, he masters 5 languages and accompanies our development beyond our borders.<br \/>Follows the printing proofs.<\/p>\t\t\t\t\t\t<\/div>\n\t\t\t\t<\/div>\n\t\t\t\t\t<\/div>\n\t\t<\/div>\n\t\t\t\t<div class=\"elementor-column elementor-col-50 elementor-inner-column elementor-element elementor-element-4ca3025\" data-id=\"4ca3025\" data-element_type=\"column\">\n\t\t\t<div class=\"elementor-widget-wrap elementor-element-populated\">\n\t\t\t\t\t\t\t\t<div class=\"elementor-element elementor-element-7f77027 elementor-widget elementor-widget-text-editor\" data-id=\"7f77027\" data-element_type=\"widget\" data-widget_type=\"text-editor.default\">\n\t\t\t\t<div class=\"elementor-widget-container\">\n\t\t\t\t\t\t\t<strong>Alain Touminet &#8211; <\/strong><em>Cofounder<\/em><strong>\n<\/strong>\t\t\t\t\t\t<\/div>\n\t\t\t\t<\/div>\n\t\t\t\t<div class=\"elementor-element elementor-element-9321f74 elementor-widget__width-initial elementor-widget elementor-widget-text-editor\" data-id=\"9321f74\" data-element_type=\"widget\" data-widget_type=\"text-editor.default\">\n\t\t\t\t<div class=\"elementor-widget-container\">\n\t\t\t\t\t\t\t<p>Passionate about technology and images, he studied at the \u00c9cole Sup\u00e9rieure Estienne des Arts et Industries Graphiques. He specializes in typography and book production processes.<\/p><p>After working at the Soci\u00e9t\u00e9 de Cr\u00e9ation Graphique on this subject, he joined a Japanese company, <em>Dainippon Screen,<\/em> specialized in image retouching and acquisition systems. He learns from the greatest professionals how to retranscribe the most complex images for printing.<\/p>\t\t\t\t\t\t<\/div>\n\t\t\t\t<\/div>\n\t\t\t\t\t<\/div>\n\t\t<\/div>\n\t\t\t\t\t\t\t<\/div>\n\t\t<\/section>\n\t\t\t\t<div class=\"elementor-element elementor-element-fd0d2e2 elementor-widget elementor-widget-image\" data-id=\"fd0d2e2\" data-element_type=\"widget\" data-widget_type=\"image.default\">\n\t\t\t\t<div class=\"elementor-widget-container\">\n\t\t\t\t\t\t\t\t\t\t\t\t\t\t\t<img decoding=\"async\" width=\"2268\" height=\"1701\" src=\"https:\/\/printmodel-paris.com\/wp-content\/uploads\/2022\/06\/FrederiqueCadoret.jpg\" class=\"attachment-full size-full wp-image-890\" alt=\"\" loading=\"lazy\" srcset=\"https:\/\/printmodel-paris.com\/wp-content\/uploads\/2022\/06\/FrederiqueCadoret.jpg 2268w, https:\/\/printmodel-paris.com\/wp-content\/uploads\/2022\/06\/FrederiqueCadoret-300x225.jpg 300w, https:\/\/printmodel-paris.com\/wp-content\/uploads\/2022\/06\/FrederiqueCadoret-1024x768.jpg 1024w, https:\/\/printmodel-paris.com\/wp-content\/uploads\/2022\/06\/FrederiqueCadoret-768x576.jpg 768w, https:\/\/printmodel-paris.com\/wp-content\/uploads\/2022\/06\/FrederiqueCadoret-1536x1152.jpg 1536w, https:\/\/printmodel-paris.com\/wp-content\/uploads\/2022\/06\/FrederiqueCadoret-2048x1536.jpg 2048w\" sizes=\"(max-width: 2268px) 100vw, 2268px\" \/>\t\t\t\t\t\t\t\t\t\t\t\t\t\t\t<\/div>\n\t\t\t\t<\/div>\n\t\t\t\t<div class=\"elementor-element elementor-element-264fda9 elementor-widget elementor-widget-text-editor\" data-id=\"264fda9\" data-element_type=\"widget\" data-widget_type=\"text-editor.default\">\n\t\t\t\t<div class=\"elementor-widget-container\">\n\t\t\t\t\t\t\t<strong>Fr\u00e9d\u00e9rique Cadoret<\/strong>\t\t\t\t\t\t<\/div>\n\t\t\t\t<\/div>\n\t\t\t\t<div class=\"elementor-element elementor-element-4dfe3d2 elementor-widget__width-initial elementor-widget elementor-widget-text-editor\" data-id=\"4dfe3d2\" data-element_type=\"widget\" data-widget_type=\"text-editor.default\">\n\t\t\t\t<div class=\"elementor-widget-container\">\n\t\t\t\t\t\t\t<p>Production manager, in charge of the coordination of the production studio, acts between the technical and the commercial.<\/p><p>Extremely meticulous with a great experience in production. <br \/>Fr\u00e9d\u00e9rique leaves nothing to chance and brings her very sure taste to all our productions.<\/p>\t\t\t\t\t\t<\/div>\n\t\t\t\t<\/div>\n\t\t\t\t<div class=\"elementor-element elementor-element-31fcd8b elementor-widget elementor-widget-image\" data-id=\"31fcd8b\" data-element_type=\"widget\" data-widget_type=\"image.default\">\n\t\t\t\t<div class=\"elementor-widget-container\">\n\t\t\t\t\t\t\t\t\t\t\t\t\t\t\t<img decoding=\"async\" width=\"2560\" height=\"1892\" src=\"https:\/\/printmodel-paris.com\/wp-content\/uploads\/2021\/03\/DSC9762leger-scaled.jpg\" class=\"attachment-full size-full wp-image-631\" alt=\"\" loading=\"lazy\" srcset=\"https:\/\/printmodel-paris.com\/wp-content\/uploads\/2021\/03\/DSC9762leger-scaled.jpg 2560w, https:\/\/printmodel-paris.com\/wp-content\/uploads\/2021\/03\/DSC9762leger-300x222.jpg 300w, https:\/\/printmodel-paris.com\/wp-content\/uploads\/2021\/03\/DSC9762leger-1024x757.jpg 1024w, https:\/\/printmodel-paris.com\/wp-content\/uploads\/2021\/03\/DSC9762leger-768x568.jpg 768w, https:\/\/printmodel-paris.com\/wp-content\/uploads\/2021\/03\/DSC9762leger-1536x1135.jpg 1536w, https:\/\/printmodel-paris.com\/wp-content\/uploads\/2021\/03\/DSC9762leger-2048x1513.jpg 2048w\" sizes=\"(max-width: 2560px) 100vw, 2560px\" \/>\t\t\t\t\t\t\t\t\t\t\t\t\t\t\t<\/div>\n\t\t\t\t<\/div>\n\t\t\t\t<div class=\"elementor-element elementor-element-d9b5cb4 elementor-widget-mobile__width-initial elementor-widget elementor-widget-text-editor\" data-id=\"d9b5cb4\" data-element_type=\"widget\" data-widget_type=\"text-editor.default\">\n\t\t\t\t<div class=\"elementor-widget-container\">\n\t\t\t\t\t\t\t<strong>Nathalie Landeau &amp; Sandie Belle<\/strong>\t\t\t\t\t\t<\/div>\n\t\t\t\t<\/div>\n\t\t\t\t<div class=\"elementor-element elementor-element-01aaffd elementor-widget__width-initial elementor-widget elementor-widget-text-editor\" data-id=\"01aaffd\" data-element_type=\"widget\" data-widget_type=\"text-editor.default\">\n\t\t\t\t<div class=\"elementor-widget-container\">\n\t\t\t\t\t\t\t<p>The artists of the team!<br \/>Master the complex color processes developed in our laboratory.<br \/>Develop the <em>roughs<\/em>, manage color retouching, produce and coordinate post-production retouching and produce fine art prints.<\/p><p>Bring their talents and daily good humor to the work that goes into print production.<\/p>\t\t\t\t\t\t<\/div>\n\t\t\t\t<\/div>\n\t\t\t\t\t<\/div>\n\t\t<\/div>\n\t\t\t\t\t\t\t<\/div>\n\t\t<\/section>\n\t\t\t\t\t\t\t<\/div>","protected":false},"excerpt":{"rendered":"<p>L&rsquo;\u00c9QUIPE AVANT TOUT HUMAINS Fr\u00e9d\u00e9ric Dahan &#8211; Cofondateur En charge du d\u00e9veloppement commercial de printmodel.Bas\u00e9 entre Paris et Oslo. A choisi l\u2019\u00e9dition pour exprimer sa passion et sa qu\u00eate constante du beau, moteur de ses choix et de ses actions. Int\u00e9ress\u00e9 par l\u2019aventure humaine, \u00e0 l\u2019\u00e9coute des besoins, ouvert aux solutions, il ma\u00eetrise 5 langues [&hellip;]<\/p>","protected":false},"author":1,"featured_media":0,"parent":0,"menu_order":0,"comment_status":"closed","ping_status":"closed","template":"","meta":{"_seopress_robots_primary_cat":""},"_links":{"self":[{"href":"https:\/\/printmodel-paris.com\/en\/wp-json\/wp\/v2\/pages\/959"}],"collection":[{"href":"https:\/\/printmodel-paris.com\/en\/wp-json\/wp\/v2\/pages"}],"about":[{"href":"https:\/\/printmodel-paris.com\/en\/wp-json\/wp\/v2\/types\/page"}],"author":[{"embeddable":true,"href":"https:\/\/printmodel-paris.com\/en\/wp-json\/wp\/v2\/users\/1"}],"replies":[{"embeddable":true,"href":"https:\/\/printmodel-paris.com\/en\/wp-json\/wp\/v2\/comments?post=959"}],"version-history":[{"count":34,"href":"https:\/\/printmodel-paris.com\/en\/wp-json\/wp\/v2\/pages\/959\/revisions"}],"predecessor-version":[{"id":1385,"href":"https:\/\/printmodel-paris.com\/en\/wp-json\/wp\/v2\/pages\/959\/revisions\/1385"}],"wp:attachment":[{"href":"https:\/\/printmodel-paris.com\/en\/wp-json\/wp\/v2\/media?parent=959"}],"curies":[{"name":"wp","href":"https:\/\/api.w.org\/{rel}","templated":true}]}}